{"id":990052,"date":"2024-09-27T10:27:32","date_gmt":"2024-09-27T10:27:32","guid":{"rendered":"https:\/\/keliwindows.evolvestudio.de\/sliding-systems\/"},"modified":"2024-09-30T08:39:41","modified_gmt":"2024-09-30T08:39:41","slug":"sistemi-scorrevoli","status":"publish","type":"page","link":"https:\/\/keliwindows.com\/it\/sistemi-scorrevoli\/","title":{"rendered":"Sistemi Scorrevoli"},"content":{"rendered":"\t\t<div data-elementor-type=\"wp-page\" data-elementor-id=\"990052\" class=\"elementor elementor-990052 elementor-989687\" data-elementor-post-type=\"page\">\n\t\t\t\t\t\t<section class=\"elementor-section elementor-top-section elementor-element elementor-element-405313e elementor-section-full_width elementor-section-content-middle elementor-section-height-default elementor-section-height-default\" data-id=\"405313e\" data-element_type=\"section\" data-settings=\"{&quot;background_background&quot;:&quot;classic&quot;}\">\n\t\t\t\t\t\t\t<div class=\"elementor-background-overlay\"><\/div>\n\t\t\t\t\t\t\t<div class=\"elementor-container elementor-column-gap-no\">\n\t\t\t\t\t<div class=\"elementor-column elementor-col-100 elementor-top-column elementor-element elementor-element-3e73aef\" data-id=\"3e73aef\" data-element_type=\"column\">\n\t\t\t<div class=\"elementor-widget-wrap elementor-element-populated\">\n\t\t\t\t\t\t<section class=\"elementor-section elementor-inner-section elementor-element elementor-element-7ea8600 elementor-section-height-min-height elementor-section-content-bottom elementor-section-boxed elementor-section-height-default\" data-id=\"7ea8600\" data-element_type=\"section\">\n\t\t\t\t\t\t<div class=\"elementor-container elementor-column-gap-no\">\n\t\t\t\t\t<div class=\"elementor-column elementor-col-100 elementor-inner-column elementor-element elementor-element-6da9c65\" data-id=\"6da9c65\" data-element_type=\"column\">\n\t\t\t<div class=\"elementor-widget-wrap elementor-element-populated\">\n\t\t\t\t\t\t<div class=\"elementor-element elementor-element-f16dadc elementor-align-left elementor-widget__width-auto elementor-icon-list--layout-traditional elementor-list-item-link-full_width elementor-widget elementor-widget-icon-list\" data-id=\"f16dadc\" data-element_type=\"widget\" data-widget_type=\"icon-list.default\">\n\t\t\t\t<div class=\"elementor-widget-container\">\n\t\t\t\t\t<ul class=\"elementor-icon-list-items\">\n\t\t\t\t\t\t\t<li class=\"elementor-icon-list-item\">\n\t\t\t\t\t\t\t\t\t\t\t<span class=\"elementor-icon-list-icon\">\n\t\t\t\t\t\t\t<i aria-hidden=\"true\" class=\"vamtamtheme- vamtam-theme-brand-symbol\"><\/i>\t\t\t\t\t\t<\/span>\n\t\t\t\t\t\t\t\t\t\t<span class=\"elementor-icon-list-text\"><\/span>\n\t\t\t\t\t\t\t\t\t<\/li>\n\t\t\t\t\t\t<\/ul>\n\t\t\t\t<\/div>\n\t\t\t\t<\/div>\n\t\t\t\t\t<\/div>\n\t\t<\/div>\n\t\t\t\t\t<\/div>\n\t\t<\/section>\n\t\t\t\t\t<\/div>\n\t\t<\/div>\n\t\t\t\t\t<\/div>\n\t\t<\/section>\n\t\t<div class=\"elementor-element elementor-element-06af1a4 e-flex e-con-boxed e-con e-parent\" data-id=\"06af1a4\" data-element_type=\"container\">\n\t\t\t\t\t<div class=\"e-con-inner\">\n\t\t<div class=\"elementor-element elementor-element-26768d8 e-con-full e-flex e-con e-child\" data-id=\"26768d8\" data-element_type=\"container\" data-settings=\"{&quot;background_background&quot;:&quot;classic&quot;}\">\n\t\t<div class=\"elementor-element elementor-element-3511582 e-con-full e-flex e-con e-child\" data-id=\"3511582\" data-element_type=\"container\">\n\t\t\t\t<div class=\"elementor-element elementor-element-562ed28 elementor-widget elementor-widget-image\" data-id=\"562ed28\" data-element_type=\"widget\" data-widget_type=\"image.default\">\n\t\t\t\t<div class=\"elementor-widget-container\">\n\t\t\t\t\t\t\t\t\t\t\t\t\t<img fetchpriority=\"high\" decoding=\"async\" width=\"750\" height=\"750\" src=\"https:\/\/keliwindows.com\/wp-content\/uploads\/2024\/09\/Evolutiondrive-Plus.png\" class=\"attachment-full size-full wp-image-989956\" alt=\"\" srcset=\"https:\/\/keliwindows.com\/wp-content\/uploads\/2024\/09\/Evolutiondrive-Plus.png 750w, https:\/\/keliwindows.com\/wp-content\/uploads\/2024\/09\/Evolutiondrive-Plus-300x300.png 300w, https:\/\/keliwindows.com\/wp-content\/uploads\/2024\/09\/Evolutiondrive-Plus-150x150.png 150w\" sizes=\"(max-width: 750px) 100vw, 750px\" \/>\t\t\t\t\t\t\t\t\t\t\t\t\t<\/div>\n\t\t\t\t<\/div>\n\t\t\t\t<\/div>\n\t\t<div class=\"elementor-element elementor-element-3f4d3ab e-con-full e-flex e-con e-child\" data-id=\"3f4d3ab\" data-element_type=\"container\">\n\t\t\t\t<div class=\"elementor-element elementor-element-8f3617c elementor-widget elementor-widget-heading\" data-id=\"8f3617c\" data-element_type=\"widget\" data-widget_type=\"heading.default\">\n\t\t\t\t<div class=\"elementor-widget-container\">\n\t\t\t<h2 class=\"elementor-heading-title elementor-size-default\">Evolutiondrive Plus+ <\/h2>\t\t<\/div>\n\t\t\t\t<\/div>\n\t\t\t\t<div class=\"vamtam-has-theme-widget-styles elementor-element elementor-element-573127c animated-slow elementor-mobile-align-center vamtam-has-underline-anim elementor-widget elementor-widget-button\" data-id=\"573127c\" data-element_type=\"widget\" data-settings=\"{&quot;_animation&quot;:&quot;none&quot;,&quot;_animation_tablet&quot;:&quot;none&quot;,&quot;_animation_delay&quot;:0}\" data-widget_type=\"button.default\">\n\t\t\t\t<div class=\"elementor-widget-container\">\n\t\t\t\t\t<div class=\"elementor-button-wrapper\">\n\t\t\t<a class=\"elementor-button elementor-button-link elementor-size-sm\" href=\"https:\/\/keliwindows.com\/it\/sistemi-scorrevoli\/evolutiondrive-plus\/\">\n\t\t\t\t\t\t<span class=\"elementor-button-content-wrapper\">\n\t\t\t\t\t\t<span class=\"elementor-button-icon\">\n\t\t\t\t<i aria-hidden=\"true\" class=\"fas fa-arrow-right\"><\/i>\t\t\t<\/span>\n\t\t\t\t\t\t\t\t\t<span class=\"elementor-button-text\">Scopri di pi\u00f9<\/span>\n\t\t\t\t\t<\/span>\n\t\t\t\t\t<\/a>\n\t\t<\/div>\n\t\t\t\t<\/div>\n\t\t\t\t<\/div>\n\t\t\t\t<\/div>\n\t\t\t\t<\/div>\n\t\t<div class=\"elementor-element elementor-element-d748e41 e-con-full e-flex e-con e-child\" data-id=\"d748e41\" data-element_type=\"container\" data-settings=\"{&quot;background_background&quot;:&quot;classic&quot;}\">\n\t\t<div class=\"elementor-element elementor-element-592bc3b e-con-full e-flex e-con e-child\" data-id=\"592bc3b\" data-element_type=\"container\">\n\t\t\t\t<div class=\"elementor-element elementor-element-b83e426 elementor-widget elementor-widget-image\" data-id=\"b83e426\" data-element_type=\"widget\" data-widget_type=\"image.default\">\n\t\t\t\t<div class=\"elementor-widget-container\">\n\t\t\t\t\t\t\t\t\t\t\t\t\t<img decoding=\"async\" width=\"750\" height=\"750\" src=\"https:\/\/keliwindows.com\/wp-content\/uploads\/2024\/09\/Evolutiondrive-SF.png\" class=\"attachment-full size-full wp-image-989957\" alt=\"\" srcset=\"https:\/\/keliwindows.com\/wp-content\/uploads\/2024\/09\/Evolutiondrive-SF.png 750w, https:\/\/keliwindows.com\/wp-content\/uploads\/2024\/09\/Evolutiondrive-SF-300x300.png 300w, https:\/\/keliwindows.com\/wp-content\/uploads\/2024\/09\/Evolutiondrive-SF-150x150.png 150w\" sizes=\"(max-width: 750px) 100vw, 750px\" \/>\t\t\t\t\t\t\t\t\t\t\t\t\t<\/div>\n\t\t\t\t<\/div>\n\t\t\t\t<\/div>\n\t\t<div class=\"elementor-element elementor-element-61f4450 e-con-full e-flex e-con e-child\" data-id=\"61f4450\" data-element_type=\"container\">\n\t\t\t\t<div class=\"elementor-element elementor-element-09d8d1a elementor-widget elementor-widget-heading\" data-id=\"09d8d1a\" data-element_type=\"widget\" data-widget_type=\"heading.default\">\n\t\t\t\t<div class=\"elementor-widget-container\">\n\t\t\t<h2 class=\"elementor-heading-title elementor-size-default\">Evolutiondrive SF\n<\/h2>\t\t<\/div>\n\t\t\t\t<\/div>\n\t\t\t\t<div class=\"vamtam-has-theme-widget-styles elementor-element elementor-element-b55f99b animated-slow elementor-mobile-align-center vamtam-has-underline-anim elementor-widget elementor-widget-button\" data-id=\"b55f99b\" data-element_type=\"widget\" data-settings=\"{&quot;_animation&quot;:&quot;none&quot;,&quot;_animation_tablet&quot;:&quot;none&quot;,&quot;_animation_delay&quot;:0}\" data-widget_type=\"button.default\">\n\t\t\t\t<div class=\"elementor-widget-container\">\n\t\t\t\t\t<div class=\"elementor-button-wrapper\">\n\t\t\t<a class=\"elementor-button elementor-button-link elementor-size-sm\" href=\"https:\/\/keliwindows.com\/it\/sistemi-scorrevoli\/evolutiondrive-sf\/\">\n\t\t\t\t\t\t<span class=\"elementor-button-content-wrapper\">\n\t\t\t\t\t\t<span class=\"elementor-button-icon\">\n\t\t\t\t<i aria-hidden=\"true\" class=\"fas fa-arrow-right\"><\/i>\t\t\t<\/span>\n\t\t\t\t\t\t\t\t\t<span class=\"elementor-button-text\">Scopri di pi\u00f9<\/span>\n\t\t\t\t\t<\/span>\n\t\t\t\t\t<\/a>\n\t\t<\/div>\n\t\t\t\t<\/div>\n\t\t\t\t<\/div>\n\t\t\t\t<\/div>\n\t\t\t\t<\/div>\n\t\t<div class=\"elementor-element elementor-element-0144bb7 e-con-full e-flex e-con e-child\" data-id=\"0144bb7\" data-element_type=\"container\" data-settings=\"{&quot;background_background&quot;:&quot;classic&quot;}\">\n\t\t<div class=\"elementor-element elementor-element-f436488 e-con-full e-flex e-con e-child\" data-id=\"f436488\" data-element_type=\"container\">\n\t\t\t\t<div class=\"elementor-element elementor-element-919882c elementor-widget elementor-widget-image\" data-id=\"919882c\" data-element_type=\"widget\" data-widget_type=\"image.default\">\n\t\t\t\t<div class=\"elementor-widget-container\">\n\t\t\t\t\t\t\t\t\t\t\t\t\t<img decoding=\"async\" width=\"750\" height=\"750\" src=\"https:\/\/keliwindows.com\/wp-content\/uploads\/2024\/09\/Evolutiondrive-HST-1.png\" class=\"attachment-full size-full wp-image-989954\" alt=\"\" srcset=\"https:\/\/keliwindows.com\/wp-content\/uploads\/2024\/09\/Evolutiondrive-HST-1.png 750w, https:\/\/keliwindows.com\/wp-content\/uploads\/2024\/09\/Evolutiondrive-HST-1-300x300.png 300w, https:\/\/keliwindows.com\/wp-content\/uploads\/2024\/09\/Evolutiondrive-HST-1-150x150.png 150w\" sizes=\"(max-width: 750px) 100vw, 750px\" \/>\t\t\t\t\t\t\t\t\t\t\t\t\t<\/div>\n\t\t\t\t<\/div>\n\t\t\t\t<\/div>\n\t\t<div class=\"elementor-element elementor-element-bbb3fdb e-con-full e-flex e-con e-child\" data-id=\"bbb3fdb\" data-element_type=\"container\">\n\t\t\t\t<div class=\"elementor-element elementor-element-583c88e elementor-widget elementor-widget-heading\" data-id=\"583c88e\" data-element_type=\"widget\" data-widget_type=\"heading.default\">\n\t\t\t\t<div class=\"elementor-widget-container\">\n\t\t\t<h2 class=\"elementor-heading-title elementor-size-default\">Evolutiondrive HST \n<\/h2>\t\t<\/div>\n\t\t\t\t<\/div>\n\t\t\t\t<div class=\"vamtam-has-theme-widget-styles elementor-element elementor-element-cc0f905 animated-slow elementor-mobile-align-center vamtam-has-underline-anim elementor-widget elementor-widget-button\" data-id=\"cc0f905\" data-element_type=\"widget\" data-settings=\"{&quot;_animation&quot;:&quot;none&quot;,&quot;_animation_tablet&quot;:&quot;none&quot;,&quot;_animation_delay&quot;:0}\" data-widget_type=\"button.default\">\n\t\t\t\t<div class=\"elementor-widget-container\">\n\t\t\t\t\t<div class=\"elementor-button-wrapper\">\n\t\t\t<a class=\"elementor-button elementor-button-link elementor-size-sm\" href=\"https:\/\/keliwindows.com\/it\/sistemi-scorrevoli\/evolutiondrive-hst\/\">\n\t\t\t\t\t\t<span class=\"elementor-button-content-wrapper\">\n\t\t\t\t\t\t<span class=\"elementor-button-icon\">\n\t\t\t\t<i aria-hidden=\"true\" class=\"fas fa-arrow-right\"><\/i>\t\t\t<\/span>\n\t\t\t\t\t\t\t\t\t<span class=\"elementor-button-text\">Scopri di pi\u00f9<\/span>\n\t\t\t\t\t<\/span>\n\t\t\t\t\t<\/a>\n\t\t<\/div>\n\t\t\t\t<\/div>\n\t\t\t\t<\/div>\n\t\t\t\t<\/div>\n\t\t\t\t<\/div>\n\t\t<div class=\"elementor-element elementor-element-daca20b e-con-full e-flex e-con e-child\" data-id=\"daca20b\" data-element_type=\"container\" data-settings=\"{&quot;background_background&quot;:&quot;classic&quot;}\">\n\t\t<div class=\"elementor-element elementor-element-c9d8cb0 e-con-full e-flex e-con e-child\" data-id=\"c9d8cb0\" data-element_type=\"container\">\n\t\t\t\t<div class=\"elementor-element elementor-element-81a3832 elementor-widget elementor-widget-image\" data-id=\"81a3832\" data-element_type=\"widget\" data-widget_type=\"image.default\">\n\t\t\t\t<div class=\"elementor-widget-container\">\n\t\t\t\t\t\t\t\t\t\t\t\t\t<img loading=\"lazy\" decoding=\"async\" width=\"750\" height=\"750\" src=\"https:\/\/keliwindows.com\/wp-content\/uploads\/2024\/09\/Traslante.png\" class=\"attachment-full size-full wp-image-989955\" alt=\"\" srcset=\"https:\/\/keliwindows.com\/wp-content\/uploads\/2024\/09\/Traslante.png 750w, https:\/\/keliwindows.com\/wp-content\/uploads\/2024\/09\/Traslante-300x300.png 300w, https:\/\/keliwindows.com\/wp-content\/uploads\/2024\/09\/Traslante-150x150.png 150w\" sizes=\"(max-width: 750px) 100vw, 750px\" \/>\t\t\t\t\t\t\t\t\t\t\t\t\t<\/div>\n\t\t\t\t<\/div>\n\t\t\t\t<\/div>\n\t\t<div class=\"elementor-element elementor-element-e721fb5 e-con-full e-flex e-con e-child\" data-id=\"e721fb5\" data-element_type=\"container\">\n\t\t\t\t<div class=\"elementor-element elementor-element-1450c2e elementor-widget elementor-widget-heading\" data-id=\"1450c2e\" data-element_type=\"widget\" data-widget_type=\"heading.default\">\n\t\t\t\t<div class=\"elementor-widget-container\">\n\t\t\t<h2 class=\"elementor-heading-title elementor-size-default\">Traslante<\/h2>\t\t<\/div>\n\t\t\t\t<\/div>\n\t\t\t\t<div class=\"vamtam-has-theme-widget-styles elementor-element elementor-element-4f1e477 animated-slow elementor-mobile-align-center vamtam-has-underline-anim elementor-widget elementor-widget-button\" data-id=\"4f1e477\" data-element_type=\"widget\" data-settings=\"{&quot;_animation&quot;:&quot;none&quot;,&quot;_animation_tablet&quot;:&quot;none&quot;,&quot;_animation_delay&quot;:0}\" data-widget_type=\"button.default\">\n\t\t\t\t<div class=\"elementor-widget-container\">\n\t\t\t\t\t<div class=\"elementor-button-wrapper\">\n\t\t\t<a class=\"elementor-button elementor-button-link elementor-size-sm\" href=\"https:\/\/keliwindows.com\/it\/sistemi-scorrevoli\/traslante\/\">\n\t\t\t\t\t\t<span class=\"elementor-button-content-wrapper\">\n\t\t\t\t\t\t<span class=\"elementor-button-icon\">\n\t\t\t\t<i aria-hidden=\"true\" class=\"fas fa-arrow-right\"><\/i>\t\t\t<\/span>\n\t\t\t\t\t\t\t\t\t<span class=\"elementor-button-text\">Scopri di pi\u00f9<\/span>\n\t\t\t\t\t<\/span>\n\t\t\t\t\t<\/a>\n\t\t<\/div>\n\t\t\t\t<\/div>\n\t\t\t\t<\/div>\n\t\t\t\t<\/div>\n\t\t\t\t<\/div>\n\t\t\t\t\t<\/div>\n\t\t\t\t<\/div>\n\t\t<div class=\"elementor-element elementor-element-ce8b41c e-flex e-con-boxed e-con e-parent\" data-id=\"ce8b41c\" data-element_type=\"container\">\n\t\t\t\t\t<div class=\"e-con-inner\">\n\t\t\t\t<div class=\"elementor-element elementor-element-5e0462b elementor-widget elementor-widget-shortcode\" data-id=\"5e0462b\" data-element_type=\"widget\" data-widget_type=\"shortcode.default\">\n\t\t\t\t<div class=\"elementor-widget-container\">\n\t\t\t\t\t<div class=\"elementor-shortcode\">\t\t<div data-elementor-type=\"section\" data-elementor-id=\"990132\" class=\"elementor elementor-990132 elementor-990129\" data-elementor-post-type=\"elementor_library\">\n\t\t\t<div class=\"elementor-element elementor-element-7d0f438 e-flex e-con-boxed e-con e-parent\" data-id=\"7d0f438\" data-element_type=\"container\">\n\t\t\t\t\t<div class=\"e-con-inner\">\n\t\t<div class=\"elementor-element elementor-element-661b077 e-con-full e-flex e-con e-child\" data-id=\"661b077\" data-element_type=\"container\">\n\t\t\t\t<div class=\"elementor-element elementor-element-6928a0e elementor-widget elementor-widget-heading\" data-id=\"6928a0e\" data-element_type=\"widget\" data-widget_type=\"heading.default\">\n\t\t\t\t<div class=\"elementor-widget-container\">\n\t\t\t<h2 class=\"elementor-heading-title elementor-size-default\">Parliamone<\/h2>\t\t<\/div>\n\t\t\t\t<\/div>\n\t\t\t\t<div class=\"elementor-element elementor-element-aa26794 elementor-widget elementor-widget-heading\" data-id=\"aa26794\" data-element_type=\"widget\" data-widget_type=\"heading.default\">\n\t\t\t\t<div class=\"elementor-widget-container\">\n\t\t\t<h2 class=\"elementor-heading-title elementor-size-default\">Come Possiamo Aiutarti?\n<\/h2>\t\t<\/div>\n\t\t\t\t<\/div>\n\t\t\t\t<\/div>\n\t\t<div class=\"elementor-element elementor-element-4b02c71 e-con-full e-flex e-con e-child\" data-id=\"4b02c71\" data-element_type=\"container\">\n\t\t\t\t<div class=\"elementor-element elementor-element-8cff46d elementor-widget elementor-widget-heading\" data-id=\"8cff46d\" data-element_type=\"widget\" data-widget_type=\"heading.default\">\n\t\t\t\t<div class=\"elementor-widget-container\">\n\t\t\t<h2 class=\"elementor-heading-title elementor-size-default\">Trova il contatto giusto per il tuo progetto di finestre, sia che si tratti di una nuova costruzione o di una ristrutturazione. Non vediamo l'ora di sentirti!\n<\/h2>\t\t<\/div>\n\t\t\t\t<\/div>\n\t\t\t\t<div class=\"vamtam-has-theme-widget-styles elementor-element elementor-element-e40ef84 animated-slow vamtam-has-underline-anim elementor-widget elementor-widget-button\" data-id=\"e40ef84\" data-element_type=\"widget\" data-settings=\"{&quot;_animation&quot;:&quot;none&quot;,&quot;_animation_tablet&quot;:&quot;none&quot;,&quot;_animation_delay&quot;:0}\" data-widget_type=\"button.default\">\n\t\t\t\t<div class=\"elementor-widget-container\">\n\t\t\t\t\t<div class=\"elementor-button-wrapper\">\n\t\t\t<a class=\"elementor-button elementor-button-link elementor-size-sm\" href=\"https:\/\/keliwindows.com\/it\/contatti\/\">\n\t\t\t\t\t\t<span class=\"elementor-button-content-wrapper\">\n\t\t\t\t\t\t<span class=\"elementor-button-icon\">\n\t\t\t\t<i aria-hidden=\"true\" class=\"fas fa-arrow-right\"><\/i>\t\t\t<\/span>\n\t\t\t\t\t\t\t\t\t<span class=\"elementor-button-text\">Contattaci<\/span>\n\t\t\t\t\t<\/span>\n\t\t\t\t\t<\/a>\n\t\t<\/div>\n\t\t\t\t<\/div>\n\t\t\t\t<\/div>\n\t\t\t\t<\/div>\n\t\t\t\t\t<\/div>\n\t\t\t\t<\/div>\n\t\t\t\t<\/div>\n\t\t<\/div>\n\t\t\t\t<\/div>\n\t\t\t\t<\/div>\n\t\t\t\t\t<\/div>\n\t\t\t\t<\/div>\n\t\t\t\t<\/div>\n\t\t","protected":false},"excerpt":{"rendered":"<p>Evolutiondrive Plus+ Scopri di pi\u00f9 Evolutiondrive SF Scopri di pi\u00f9 Evolutiondrive HST Scopri di pi\u00f9 Traslante Scopri di pi\u00f9<\/p>\n","protected":false},"author":1,"featured_media":0,"parent":0,"menu_order":0,"comment_status":"closed","ping_status":"closed","template":"elementor_header_footer","meta":{"inline_featured_image":false,"footnotes":""},"class_list":["post-990052","page","type-page","status-publish","hentry"],"yoast_head":"<!-- This site is optimized with the Yoast SEO plugin v23.6 - https:\/\/yoast.com\/wordpress\/plugins\/seo\/ -->\n<title>Sistemi Scorrevoli - Keli Windows<\/title>\n<meta name=\"robots\" content=\"index, follow, max-snippet:-1, max-image-preview:large, max-video-preview:-1\" \/>\n<link rel=\"canonical\" href=\"https:\/\/keliwindows.com\/it\/sistemi-scorrevoli\/\" \/>\n<meta property=\"og:locale\" content=\"it_IT\" \/>\n<meta property=\"og:type\" content=\"article\" \/>\n<meta property=\"og:title\" content=\"Sistemi Scorrevoli - Keli Windows\" \/>\n<meta property=\"og:description\" content=\"Evolutiondrive Plus+ Scopri di pi\u00f9 Evolutiondrive SF Scopri di pi\u00f9 Evolutiondrive HST Scopri di pi\u00f9 Traslante Scopri di pi\u00f9\" \/>\n<meta property=\"og:url\" content=\"https:\/\/keliwindows.com\/it\/sistemi-scorrevoli\/\" \/>\n<meta property=\"og:site_name\" content=\"Keli Windows\" \/>\n<meta property=\"article:modified_time\" content=\"2024-09-30T08:39:41+00:00\" \/>\n<meta property=\"og:image\" content=\"https:\/\/keliwindows.com\/wp-content\/uploads\/2024\/09\/Evolutiondrive-Plus.png\" \/>\n\t<meta property=\"og:image:width\" content=\"750\" \/>\n\t<meta property=\"og:image:height\" content=\"750\" \/>\n\t<meta property=\"og:image:type\" content=\"image\/png\" \/>\n<meta name=\"twitter:card\" content=\"summary_large_image\" \/>\n<script type=\"application\/ld+json\" class=\"yoast-schema-graph\">{\"@context\":\"https:\/\/schema.org\",\"@graph\":[{\"@type\":\"WebPage\",\"@id\":\"https:\/\/keliwindows.com\/it\/sistemi-scorrevoli\/\",\"url\":\"https:\/\/keliwindows.com\/it\/sistemi-scorrevoli\/\",\"name\":\"Sistemi Scorrevoli - Keli Windows\",\"isPartOf\":{\"@id\":\"https:\/\/keliwindows.com\/#website\"},\"primaryImageOfPage\":{\"@id\":\"https:\/\/keliwindows.com\/it\/sistemi-scorrevoli\/#primaryimage\"},\"image\":{\"@id\":\"https:\/\/keliwindows.com\/it\/sistemi-scorrevoli\/#primaryimage\"},\"thumbnailUrl\":\"https:\/\/keliwindows.com\/wp-content\/uploads\/2024\/09\/Evolutiondrive-Plus.png\",\"datePublished\":\"2024-09-27T10:27:32+00:00\",\"dateModified\":\"2024-09-30T08:39:41+00:00\",\"breadcrumb\":{\"@id\":\"https:\/\/keliwindows.com\/it\/sistemi-scorrevoli\/#breadcrumb\"},\"inLanguage\":\"it-IT\",\"potentialAction\":[{\"@type\":\"ReadAction\",\"target\":[\"https:\/\/keliwindows.com\/it\/sistemi-scorrevoli\/\"]}]},{\"@type\":\"ImageObject\",\"inLanguage\":\"it-IT\",\"@id\":\"https:\/\/keliwindows.com\/it\/sistemi-scorrevoli\/#primaryimage\",\"url\":\"https:\/\/keliwindows.com\/wp-content\/uploads\/2024\/09\/Evolutiondrive-Plus.png\",\"contentUrl\":\"https:\/\/keliwindows.com\/wp-content\/uploads\/2024\/09\/Evolutiondrive-Plus.png\"},{\"@type\":\"BreadcrumbList\",\"@id\":\"https:\/\/keliwindows.com\/it\/sistemi-scorrevoli\/#breadcrumb\",\"itemListElement\":[{\"@type\":\"ListItem\",\"position\":1,\"name\":\"Home\",\"item\":\"https:\/\/keliwindows.com\/it\/\"},{\"@type\":\"ListItem\",\"position\":2,\"name\":\"Sistemi Scorrevoli\"}]},{\"@type\":\"WebSite\",\"@id\":\"https:\/\/keliwindows.com\/#website\",\"url\":\"https:\/\/keliwindows.com\/\",\"name\":\"Keli Windows\",\"description\":\"\",\"publisher\":{\"@id\":\"https:\/\/keliwindows.com\/#organization\"},\"potentialAction\":[{\"@type\":\"SearchAction\",\"target\":{\"@type\":\"EntryPoint\",\"urlTemplate\":\"https:\/\/keliwindows.com\/?s={search_term_string}\"},\"query-input\":{\"@type\":\"PropertyValueSpecification\",\"valueRequired\":true,\"valueName\":\"search_term_string\"}}],\"inLanguage\":\"it-IT\"},{\"@type\":\"Organization\",\"@id\":\"https:\/\/keliwindows.com\/#organization\",\"name\":\"Keli Windows\",\"url\":\"https:\/\/keliwindows.com\/\",\"logo\":{\"@type\":\"ImageObject\",\"inLanguage\":\"it-IT\",\"@id\":\"https:\/\/keliwindows.com\/#\/schema\/logo\/image\/\",\"url\":\"https:\/\/keliwindows.com\/wp-content\/uploads\/2024\/09\/SVG-1.svg\",\"contentUrl\":\"https:\/\/keliwindows.com\/wp-content\/uploads\/2024\/09\/SVG-1.svg\",\"width\":361,\"height\":122,\"caption\":\"Keli Windows\"},\"image\":{\"@id\":\"https:\/\/keliwindows.com\/#\/schema\/logo\/image\/\"}}]}<\/script>\n<!-- \/ Yoast SEO plugin. -->","yoast_head_json":{"title":"Sistemi Scorrevoli - Keli Windows","robots":{"index":"index","follow":"follow","max-snippet":"max-snippet:-1","max-image-preview":"max-image-preview:large","max-video-preview":"max-video-preview:-1"},"canonical":"https:\/\/keliwindows.com\/it\/sistemi-scorrevoli\/","og_locale":"it_IT","og_type":"article","og_title":"Sistemi Scorrevoli - Keli Windows","og_description":"Evolutiondrive Plus+ Scopri di pi\u00f9 Evolutiondrive SF Scopri di pi\u00f9 Evolutiondrive HST Scopri di pi\u00f9 Traslante Scopri di pi\u00f9","og_url":"https:\/\/keliwindows.com\/it\/sistemi-scorrevoli\/","og_site_name":"Keli Windows","article_modified_time":"2024-09-30T08:39:41+00:00","og_image":[{"width":750,"height":750,"url":"https:\/\/keliwindows.com\/wp-content\/uploads\/2024\/09\/Evolutiondrive-Plus.png","type":"image\/png"}],"twitter_card":"summary_large_image","schema":{"@context":"https:\/\/schema.org","@graph":[{"@type":"WebPage","@id":"https:\/\/keliwindows.com\/it\/sistemi-scorrevoli\/","url":"https:\/\/keliwindows.com\/it\/sistemi-scorrevoli\/","name":"Sistemi Scorrevoli - Keli Windows","isPartOf":{"@id":"https:\/\/keliwindows.com\/#website"},"primaryImageOfPage":{"@id":"https:\/\/keliwindows.com\/it\/sistemi-scorrevoli\/#primaryimage"},"image":{"@id":"https:\/\/keliwindows.com\/it\/sistemi-scorrevoli\/#primaryimage"},"thumbnailUrl":"https:\/\/keliwindows.com\/wp-content\/uploads\/2024\/09\/Evolutiondrive-Plus.png","datePublished":"2024-09-27T10:27:32+00:00","dateModified":"2024-09-30T08:39:41+00:00","breadcrumb":{"@id":"https:\/\/keliwindows.com\/it\/sistemi-scorrevoli\/#breadcrumb"},"inLanguage":"it-IT","potentialAction":[{"@type":"ReadAction","target":["https:\/\/keliwindows.com\/it\/sistemi-scorrevoli\/"]}]},{"@type":"ImageObject","inLanguage":"it-IT","@id":"https:\/\/keliwindows.com\/it\/sistemi-scorrevoli\/#primaryimage","url":"https:\/\/keliwindows.com\/wp-content\/uploads\/2024\/09\/Evolutiondrive-Plus.png","contentUrl":"https:\/\/keliwindows.com\/wp-content\/uploads\/2024\/09\/Evolutiondrive-Plus.png"},{"@type":"BreadcrumbList","@id":"https:\/\/keliwindows.com\/it\/sistemi-scorrevoli\/#breadcrumb","itemListElement":[{"@type":"ListItem","position":1,"name":"Home","item":"https:\/\/keliwindows.com\/it\/"},{"@type":"ListItem","position":2,"name":"Sistemi Scorrevoli"}]},{"@type":"WebSite","@id":"https:\/\/keliwindows.com\/#website","url":"https:\/\/keliwindows.com\/","name":"Keli Windows","description":"","publisher":{"@id":"https:\/\/keliwindows.com\/#organization"},"potentialAction":[{"@type":"SearchAction","target":{"@type":"EntryPoint","urlTemplate":"https:\/\/keliwindows.com\/?s={search_term_string}"},"query-input":{"@type":"PropertyValueSpecification","valueRequired":true,"valueName":"search_term_string"}}],"inLanguage":"it-IT"},{"@type":"Organization","@id":"https:\/\/keliwindows.com\/#organization","name":"Keli Windows","url":"https:\/\/keliwindows.com\/","logo":{"@type":"ImageObject","inLanguage":"it-IT","@id":"https:\/\/keliwindows.com\/#\/schema\/logo\/image\/","url":"https:\/\/keliwindows.com\/wp-content\/uploads\/2024\/09\/SVG-1.svg","contentUrl":"https:\/\/keliwindows.com\/wp-content\/uploads\/2024\/09\/SVG-1.svg","width":361,"height":122,"caption":"Keli Windows"},"image":{"@id":"https:\/\/keliwindows.com\/#\/schema\/logo\/image\/"}}]}},"_links":{"self":[{"href":"https:\/\/keliwindows.com\/it\/wp-json\/wp\/v2\/pages\/990052","targetHints":{"allow":["GET"]}}],"collection":[{"href":"https:\/\/keliwindows.com\/it\/wp-json\/wp\/v2\/pages"}],"about":[{"href":"https:\/\/keliwindows.com\/it\/wp-json\/wp\/v2\/types\/page"}],"author":[{"embeddable":true,"href":"https:\/\/keliwindows.com\/it\/wp-json\/wp\/v2\/users\/1"}],"replies":[{"embeddable":true,"href":"https:\/\/keliwindows.com\/it\/wp-json\/wp\/v2\/comments?post=990052"}],"version-history":[{"count":10,"href":"https:\/\/keliwindows.com\/it\/wp-json\/wp\/v2\/pages\/990052\/revisions"}],"predecessor-version":[{"id":990221,"href":"https:\/\/keliwindows.com\/it\/wp-json\/wp\/v2\/pages\/990052\/revisions\/990221"}],"wp:attachment":[{"href":"https:\/\/keliwindows.com\/it\/wp-json\/wp\/v2\/media?parent=990052"}],"curies":[{"name":"wp","href":"https:\/\/api.w.org\/{rel}","templated":true}]}}