{"id":990097,"date":"2024-09-27T10:47:13","date_gmt":"2024-09-27T10:47:13","guid":{"rendered":"https:\/\/keliwindows.evolvestudio.de\/blackout-solutions\/"},"modified":"2024-09-30T08:41:03","modified_gmt":"2024-09-30T08:41:03","slug":"sistemi-oscuranti","status":"publish","type":"page","link":"https:\/\/keliwindows.com\/it\/sistemi-oscuranti\/","title":{"rendered":"Sistemi Oscuranti"},"content":{"rendered":"\t\t<div data-elementor-type=\"wp-page\" data-elementor-id=\"990097\" class=\"elementor elementor-990097 elementor-989709\" data-elementor-post-type=\"page\">\n\t\t\t\t\t\t<section class=\"elementor-section elementor-top-section elementor-element elementor-element-00484e0 elementor-section-full_width elementor-section-content-middle elementor-section-height-default elementor-section-height-default\" data-id=\"00484e0\" data-element_type=\"section\" data-settings=\"{&quot;background_background&quot;:&quot;classic&quot;}\">\n\t\t\t\t\t\t\t<div class=\"elementor-background-overlay\"><\/div>\n\t\t\t\t\t\t\t<div class=\"elementor-container elementor-column-gap-no\">\n\t\t\t\t\t<div class=\"elementor-column elementor-col-100 elementor-top-column elementor-element elementor-element-d4015f7\" data-id=\"d4015f7\" data-element_type=\"column\">\n\t\t\t<div class=\"elementor-widget-wrap elementor-element-populated\">\n\t\t\t\t\t\t<section class=\"elementor-section elementor-inner-section elementor-element elementor-element-4798e92 elementor-section-height-min-height elementor-section-content-bottom elementor-section-boxed elementor-section-height-default\" data-id=\"4798e92\" data-element_type=\"section\">\n\t\t\t\t\t\t<div class=\"elementor-container elementor-column-gap-no\">\n\t\t\t\t\t<div class=\"elementor-column elementor-col-100 elementor-inner-column elementor-element elementor-element-04f50f2\" data-id=\"04f50f2\" data-element_type=\"column\">\n\t\t\t<div class=\"elementor-widget-wrap elementor-element-populated\">\n\t\t\t\t\t\t<div class=\"elementor-element elementor-element-cc566b1 elementor-align-left elementor-widget__width-auto elementor-icon-list--layout-traditional elementor-list-item-link-full_width elementor-widget elementor-widget-icon-list\" data-id=\"cc566b1\" data-element_type=\"widget\" data-widget_type=\"icon-list.default\">\n\t\t\t\t<div class=\"elementor-widget-container\">\n\t\t\t\t\t<ul class=\"elementor-icon-list-items\">\n\t\t\t\t\t\t\t<li class=\"elementor-icon-list-item\">\n\t\t\t\t\t\t\t\t\t\t\t<span class=\"elementor-icon-list-icon\">\n\t\t\t\t\t\t\t<i aria-hidden=\"true\" class=\"vamtamtheme- vamtam-theme-brand-symbol\"><\/i>\t\t\t\t\t\t<\/span>\n\t\t\t\t\t\t\t\t\t\t<span class=\"elementor-icon-list-text\"><\/span>\n\t\t\t\t\t\t\t\t\t<\/li>\n\t\t\t\t\t\t<\/ul>\n\t\t\t\t<\/div>\n\t\t\t\t<\/div>\n\t\t\t\t\t<\/div>\n\t\t<\/div>\n\t\t\t\t\t<\/div>\n\t\t<\/section>\n\t\t\t\t\t<\/div>\n\t\t<\/div>\n\t\t\t\t\t<\/div>\n\t\t<\/section>\n\t\t<div class=\"elementor-element elementor-element-fc9aca0 e-flex e-con-boxed e-con e-parent\" data-id=\"fc9aca0\" data-element_type=\"container\">\n\t\t\t\t\t<div class=\"e-con-inner\">\n\t\t<div class=\"elementor-element elementor-element-3caff05 e-con-full e-flex e-con e-child\" data-id=\"3caff05\" data-element_type=\"container\" data-settings=\"{&quot;background_background&quot;:&quot;classic&quot;}\">\n\t\t<div class=\"elementor-element elementor-element-a85874d e-con-full e-flex e-con e-child\" data-id=\"a85874d\" data-element_type=\"container\">\n\t\t\t\t<div class=\"elementor-element elementor-element-f5c126c elementor-widget elementor-widget-image\" data-id=\"f5c126c\" data-element_type=\"widget\" data-widget_type=\"image.default\">\n\t\t\t\t<div class=\"elementor-widget-container\">\n\t\t\t\t\t\t\t\t\t\t\t\t\t<img fetchpriority=\"high\" decoding=\"async\" width=\"500\" height=\"601\" src=\"https:\/\/keliwindows.com\/wp-content\/uploads\/2024\/09\/01.png\" class=\"attachment-full size-full wp-image-989958\" alt=\"\" srcset=\"https:\/\/keliwindows.com\/wp-content\/uploads\/2024\/09\/01.png 500w, https:\/\/keliwindows.com\/wp-content\/uploads\/2024\/09\/01-250x300.png 250w\" sizes=\"(max-width: 500px) 100vw, 500px\" \/>\t\t\t\t\t\t\t\t\t\t\t\t\t<\/div>\n\t\t\t\t<\/div>\n\t\t\t\t<\/div>\n\t\t<div class=\"elementor-element elementor-element-6f5ca66 e-con-full e-flex e-con e-child\" data-id=\"6f5ca66\" data-element_type=\"container\">\n\t\t\t\t<div class=\"elementor-element elementor-element-1120d71 elementor-widget elementor-widget-heading\" data-id=\"1120d71\" data-element_type=\"widget\" data-widget_type=\"heading.default\">\n\t\t\t\t<div class=\"elementor-widget-container\">\n\t\t\t<h2 class=\"elementor-heading-title elementor-size-default\">Tapparelle Monoblocco<\/h2>\t\t<\/div>\n\t\t\t\t<\/div>\n\t\t\t\t<div class=\"vamtam-has-theme-widget-styles elementor-element elementor-element-093946e animated-slow elementor-mobile-align-center vamtam-has-underline-anim elementor-widget elementor-widget-button\" data-id=\"093946e\" data-element_type=\"widget\" data-settings=\"{&quot;_animation&quot;:&quot;none&quot;,&quot;_animation_tablet&quot;:&quot;none&quot;,&quot;_animation_delay&quot;:0}\" data-widget_type=\"button.default\">\n\t\t\t\t<div class=\"elementor-widget-container\">\n\t\t\t\t\t<div class=\"elementor-button-wrapper\">\n\t\t\t<a class=\"elementor-button elementor-button-link elementor-size-sm\" href=\"https:\/\/keliwindows.com\/it\/sistemi-oscuranti\/tapparelle-monoblocco\/\">\n\t\t\t\t\t\t<span class=\"elementor-button-content-wrapper\">\n\t\t\t\t\t\t<span class=\"elementor-button-icon\">\n\t\t\t\t<i aria-hidden=\"true\" class=\"fas fa-arrow-right\"><\/i>\t\t\t<\/span>\n\t\t\t\t\t\t\t\t\t<span class=\"elementor-button-text\">Scopri di pi\u00f9<\/span>\n\t\t\t\t\t<\/span>\n\t\t\t\t\t<\/a>\n\t\t<\/div>\n\t\t\t\t<\/div>\n\t\t\t\t<\/div>\n\t\t\t\t<\/div>\n\t\t\t\t<\/div>\n\t\t<div class=\"elementor-element elementor-element-42841ab e-con-full e-flex e-con e-child\" data-id=\"42841ab\" data-element_type=\"container\" data-settings=\"{&quot;background_background&quot;:&quot;classic&quot;}\">\n\t\t<div class=\"elementor-element elementor-element-6d8d504 e-con-full e-flex e-con e-child\" data-id=\"6d8d504\" data-element_type=\"container\">\n\t\t\t\t<div class=\"elementor-element elementor-element-0790c05 elementor-widget elementor-widget-image\" data-id=\"0790c05\" data-element_type=\"widget\" data-widget_type=\"image.default\">\n\t\t\t\t<div class=\"elementor-widget-container\">\n\t\t\t\t\t\t\t\t\t\t\t\t\t<img decoding=\"async\" width=\"1000\" height=\"800\" src=\"https:\/\/keliwindows.com\/wp-content\/uploads\/2024\/09\/02.png\" class=\"attachment-full size-full wp-image-989959\" alt=\"\" srcset=\"https:\/\/keliwindows.com\/wp-content\/uploads\/2024\/09\/02.png 1000w, https:\/\/keliwindows.com\/wp-content\/uploads\/2024\/09\/02-300x240.png 300w, https:\/\/keliwindows.com\/wp-content\/uploads\/2024\/09\/02-768x614.png 768w\" sizes=\"(max-width: 1000px) 100vw, 1000px\" \/>\t\t\t\t\t\t\t\t\t\t\t\t\t<\/div>\n\t\t\t\t<\/div>\n\t\t\t\t<\/div>\n\t\t<div class=\"elementor-element elementor-element-ddb2cd6 e-con-full e-flex e-con e-child\" data-id=\"ddb2cd6\" data-element_type=\"container\">\n\t\t\t\t<div class=\"elementor-element elementor-element-a3aacaf elementor-widget elementor-widget-heading\" data-id=\"a3aacaf\" data-element_type=\"widget\" data-widget_type=\"heading.default\">\n\t\t\t\t<div class=\"elementor-widget-container\">\n\t\t\t<h2 class=\"elementor-heading-title elementor-size-default\">Cassonetto di Restauro in PVC <\/h2>\t\t<\/div>\n\t\t\t\t<\/div>\n\t\t\t\t<div class=\"vamtam-has-theme-widget-styles elementor-element elementor-element-d1554d5 animated-slow elementor-mobile-align-center vamtam-has-underline-anim elementor-widget elementor-widget-button\" data-id=\"d1554d5\" data-element_type=\"widget\" data-settings=\"{&quot;_animation&quot;:&quot;none&quot;,&quot;_animation_tablet&quot;:&quot;none&quot;,&quot;_animation_delay&quot;:0}\" data-widget_type=\"button.default\">\n\t\t\t\t<div class=\"elementor-widget-container\">\n\t\t\t\t\t<div class=\"elementor-button-wrapper\">\n\t\t\t<a class=\"elementor-button elementor-button-link elementor-size-sm\" href=\"https:\/\/keliwindows.com\/it\/sistemi-oscuranti\/cassonetto-di-restauro-in-pvc\/\">\n\t\t\t\t\t\t<span class=\"elementor-button-content-wrapper\">\n\t\t\t\t\t\t<span class=\"elementor-button-icon\">\n\t\t\t\t<i aria-hidden=\"true\" class=\"fas fa-arrow-right\"><\/i>\t\t\t<\/span>\n\t\t\t\t\t\t\t\t\t<span class=\"elementor-button-text\">Scopri di pi\u00f9<\/span>\n\t\t\t\t\t<\/span>\n\t\t\t\t\t<\/a>\n\t\t<\/div>\n\t\t\t\t<\/div>\n\t\t\t\t<\/div>\n\t\t\t\t<\/div>\n\t\t\t\t<\/div>\n\t\t<div class=\"elementor-element elementor-element-92a4f1c e-con-full e-flex e-con e-child\" data-id=\"92a4f1c\" data-element_type=\"container\" data-settings=\"{&quot;background_background&quot;:&quot;classic&quot;}\">\n\t\t<div class=\"elementor-element elementor-element-d7e8692 e-con-full e-flex e-con e-child\" data-id=\"d7e8692\" data-element_type=\"container\">\n\t\t\t\t<div class=\"elementor-element elementor-element-287312d elementor-widget elementor-widget-image\" data-id=\"287312d\" data-element_type=\"widget\" data-widget_type=\"image.default\">\n\t\t\t\t<div class=\"elementor-widget-container\">\n\t\t\t\t\t\t\t\t\t\t\t\t\t<img decoding=\"async\" width=\"407\" height=\"580\" src=\"https:\/\/keliwindows.com\/wp-content\/uploads\/2024\/09\/03.png\" class=\"attachment-full size-full wp-image-989960\" alt=\"\" srcset=\"https:\/\/keliwindows.com\/wp-content\/uploads\/2024\/09\/03.png 407w, https:\/\/keliwindows.com\/wp-content\/uploads\/2024\/09\/03-211x300.png 211w\" sizes=\"(max-width: 407px) 100vw, 407px\" \/>\t\t\t\t\t\t\t\t\t\t\t\t\t<\/div>\n\t\t\t\t<\/div>\n\t\t\t\t<\/div>\n\t\t<div class=\"elementor-element elementor-element-170bb7d e-con-full e-flex e-con e-child\" data-id=\"170bb7d\" data-element_type=\"container\">\n\t\t\t\t<div class=\"elementor-element elementor-element-e1ed3bb elementor-widget elementor-widget-heading\" data-id=\"e1ed3bb\" data-element_type=\"widget\" data-widget_type=\"heading.default\">\n\t\t\t\t<div class=\"elementor-widget-container\">\n\t\t\t<h2 class=\"elementor-heading-title elementor-size-default\">Persiana<\/h2>\t\t<\/div>\n\t\t\t\t<\/div>\n\t\t\t\t<div class=\"vamtam-has-theme-widget-styles elementor-element elementor-element-4a6aeb7 animated-slow elementor-mobile-align-center vamtam-has-underline-anim elementor-widget elementor-widget-button\" data-id=\"4a6aeb7\" data-element_type=\"widget\" data-settings=\"{&quot;_animation&quot;:&quot;none&quot;,&quot;_animation_tablet&quot;:&quot;none&quot;,&quot;_animation_delay&quot;:0}\" data-widget_type=\"button.default\">\n\t\t\t\t<div class=\"elementor-widget-container\">\n\t\t\t\t\t<div class=\"elementor-button-wrapper\">\n\t\t\t<a class=\"elementor-button elementor-button-link elementor-size-sm\" href=\"https:\/\/keliwindows.com\/it\/sistemi-oscuranti\/persiana\/\">\n\t\t\t\t\t\t<span class=\"elementor-button-content-wrapper\">\n\t\t\t\t\t\t<span class=\"elementor-button-icon\">\n\t\t\t\t<i aria-hidden=\"true\" class=\"fas fa-arrow-right\"><\/i>\t\t\t<\/span>\n\t\t\t\t\t\t\t\t\t<span class=\"elementor-button-text\">Scopri di pi\u00f9<\/span>\n\t\t\t\t\t<\/span>\n\t\t\t\t\t<\/a>\n\t\t<\/div>\n\t\t\t\t<\/div>\n\t\t\t\t<\/div>\n\t\t\t\t<\/div>\n\t\t\t\t<\/div>\n\t\t\t\t\t<\/div>\n\t\t\t\t<\/div>\n\t\t<div class=\"elementor-element elementor-element-7ac4fed e-flex e-con-boxed e-con e-parent\" data-id=\"7ac4fed\" data-element_type=\"container\">\n\t\t\t\t\t<div class=\"e-con-inner\">\n\t\t\t\t<div class=\"elementor-element elementor-element-f8c502a elementor-widget elementor-widget-shortcode\" data-id=\"f8c502a\" data-element_type=\"widget\" data-widget_type=\"shortcode.default\">\n\t\t\t\t<div class=\"elementor-widget-container\">\n\t\t\t\t\t<div class=\"elementor-shortcode\">\t\t<div data-elementor-type=\"section\" data-elementor-id=\"990132\" class=\"elementor elementor-990132 elementor-990129\" data-elementor-post-type=\"elementor_library\">\n\t\t\t<div class=\"elementor-element elementor-element-7d0f438 e-flex e-con-boxed e-con e-parent\" data-id=\"7d0f438\" data-element_type=\"container\">\n\t\t\t\t\t<div class=\"e-con-inner\">\n\t\t<div class=\"elementor-element elementor-element-661b077 e-con-full e-flex e-con e-child\" data-id=\"661b077\" data-element_type=\"container\">\n\t\t\t\t<div class=\"elementor-element elementor-element-6928a0e elementor-widget elementor-widget-heading\" data-id=\"6928a0e\" data-element_type=\"widget\" data-widget_type=\"heading.default\">\n\t\t\t\t<div class=\"elementor-widget-container\">\n\t\t\t<h2 class=\"elementor-heading-title elementor-size-default\">Parliamone<\/h2>\t\t<\/div>\n\t\t\t\t<\/div>\n\t\t\t\t<div class=\"elementor-element elementor-element-aa26794 elementor-widget elementor-widget-heading\" data-id=\"aa26794\" data-element_type=\"widget\" data-widget_type=\"heading.default\">\n\t\t\t\t<div class=\"elementor-widget-container\">\n\t\t\t<h2 class=\"elementor-heading-title elementor-size-default\">Come Possiamo Aiutarti?\n<\/h2>\t\t<\/div>\n\t\t\t\t<\/div>\n\t\t\t\t<\/div>\n\t\t<div class=\"elementor-element elementor-element-4b02c71 e-con-full e-flex e-con e-child\" data-id=\"4b02c71\" data-element_type=\"container\">\n\t\t\t\t<div class=\"elementor-element elementor-element-8cff46d elementor-widget elementor-widget-heading\" data-id=\"8cff46d\" data-element_type=\"widget\" data-widget_type=\"heading.default\">\n\t\t\t\t<div class=\"elementor-widget-container\">\n\t\t\t<h2 class=\"elementor-heading-title elementor-size-default\">Trova il contatto giusto per il tuo progetto di finestre, sia che si tratti di una nuova costruzione o di una ristrutturazione. Non vediamo l'ora di sentirti!\n<\/h2>\t\t<\/div>\n\t\t\t\t<\/div>\n\t\t\t\t<div class=\"vamtam-has-theme-widget-styles elementor-element elementor-element-e40ef84 animated-slow vamtam-has-underline-anim elementor-widget elementor-widget-button\" data-id=\"e40ef84\" data-element_type=\"widget\" data-settings=\"{&quot;_animation&quot;:&quot;none&quot;,&quot;_animation_tablet&quot;:&quot;none&quot;,&quot;_animation_delay&quot;:0}\" data-widget_type=\"button.default\">\n\t\t\t\t<div class=\"elementor-widget-container\">\n\t\t\t\t\t<div class=\"elementor-button-wrapper\">\n\t\t\t<a class=\"elementor-button elementor-button-link elementor-size-sm\" href=\"https:\/\/keliwindows.com\/it\/contatti\/\">\n\t\t\t\t\t\t<span class=\"elementor-button-content-wrapper\">\n\t\t\t\t\t\t<span class=\"elementor-button-icon\">\n\t\t\t\t<i aria-hidden=\"true\" class=\"fas fa-arrow-right\"><\/i>\t\t\t<\/span>\n\t\t\t\t\t\t\t\t\t<span class=\"elementor-button-text\">Contattaci<\/span>\n\t\t\t\t\t<\/span>\n\t\t\t\t\t<\/a>\n\t\t<\/div>\n\t\t\t\t<\/div>\n\t\t\t\t<\/div>\n\t\t\t\t<\/div>\n\t\t\t\t\t<\/div>\n\t\t\t\t<\/div>\n\t\t\t\t<\/div>\n\t\t<\/div>\n\t\t\t\t<\/div>\n\t\t\t\t<\/div>\n\t\t\t\t\t<\/div>\n\t\t\t\t<\/div>\n\t\t\t\t<\/div>\n\t\t","protected":false},"excerpt":{"rendered":"<p>Tapparelle Monoblocco Scopri di pi\u00f9 Cassonetto di Restauro in PVC Scopri di pi\u00f9 Persiana Scopri di pi\u00f9<\/p>\n","protected":false},"author":1,"featured_media":0,"parent":0,"menu_order":0,"comment_status":"closed","ping_status":"closed","template":"elementor_header_footer","meta":{"inline_featured_image":false,"footnotes":""},"class_list":["post-990097","page","type-page","status-publish","hentry"],"yoast_head":"<!-- This site is optimized with the Yoast SEO plugin v23.6 - https:\/\/yoast.com\/wordpress\/plugins\/seo\/ -->\n<title>Sistemi Oscuranti - Keli Windows<\/title>\n<meta name=\"robots\" content=\"index, follow, max-snippet:-1, max-image-preview:large, max-video-preview:-1\" \/>\n<link rel=\"canonical\" href=\"https:\/\/keliwindows.com\/it\/sistemi-oscuranti\/\" \/>\n<meta property=\"og:locale\" content=\"it_IT\" \/>\n<meta property=\"og:type\" content=\"article\" \/>\n<meta property=\"og:title\" content=\"Sistemi Oscuranti - Keli Windows\" \/>\n<meta property=\"og:description\" content=\"Tapparelle Monoblocco Scopri di pi\u00f9 Cassonetto di Restauro in PVC Scopri di pi\u00f9 Persiana Scopri di pi\u00f9\" \/>\n<meta property=\"og:url\" content=\"https:\/\/keliwindows.com\/it\/sistemi-oscuranti\/\" \/>\n<meta property=\"og:site_name\" content=\"Keli Windows\" \/>\n<meta property=\"article:modified_time\" content=\"2024-09-30T08:41:03+00:00\" \/>\n<meta property=\"og:image\" content=\"https:\/\/keliwindows.com\/wp-content\/uploads\/2024\/09\/01.png\" \/>\n\t<meta property=\"og:image:width\" content=\"500\" \/>\n\t<meta property=\"og:image:height\" content=\"601\" \/>\n\t<meta property=\"og:image:type\" content=\"image\/png\" \/>\n<meta name=\"twitter:card\" content=\"summary_large_image\" \/>\n<script type=\"application\/ld+json\" class=\"yoast-schema-graph\">{\"@context\":\"https:\/\/schema.org\",\"@graph\":[{\"@type\":\"WebPage\",\"@id\":\"https:\/\/keliwindows.com\/it\/sistemi-oscuranti\/\",\"url\":\"https:\/\/keliwindows.com\/it\/sistemi-oscuranti\/\",\"name\":\"Sistemi Oscuranti - Keli Windows\",\"isPartOf\":{\"@id\":\"https:\/\/keliwindows.com\/#website\"},\"primaryImageOfPage\":{\"@id\":\"https:\/\/keliwindows.com\/it\/sistemi-oscuranti\/#primaryimage\"},\"image\":{\"@id\":\"https:\/\/keliwindows.com\/it\/sistemi-oscuranti\/#primaryimage\"},\"thumbnailUrl\":\"https:\/\/keliwindows.com\/wp-content\/uploads\/2024\/09\/01.png\",\"datePublished\":\"2024-09-27T10:47:13+00:00\",\"dateModified\":\"2024-09-30T08:41:03+00:00\",\"breadcrumb\":{\"@id\":\"https:\/\/keliwindows.com\/it\/sistemi-oscuranti\/#breadcrumb\"},\"inLanguage\":\"it-IT\",\"potentialAction\":[{\"@type\":\"ReadAction\",\"target\":[\"https:\/\/keliwindows.com\/it\/sistemi-oscuranti\/\"]}]},{\"@type\":\"ImageObject\",\"inLanguage\":\"it-IT\",\"@id\":\"https:\/\/keliwindows.com\/it\/sistemi-oscuranti\/#primaryimage\",\"url\":\"https:\/\/keliwindows.com\/wp-content\/uploads\/2024\/09\/01.png\",\"contentUrl\":\"https:\/\/keliwindows.com\/wp-content\/uploads\/2024\/09\/01.png\"},{\"@type\":\"BreadcrumbList\",\"@id\":\"https:\/\/keliwindows.com\/it\/sistemi-oscuranti\/#breadcrumb\",\"itemListElement\":[{\"@type\":\"ListItem\",\"position\":1,\"name\":\"Home\",\"item\":\"https:\/\/keliwindows.com\/it\/\"},{\"@type\":\"ListItem\",\"position\":2,\"name\":\"Sistemi Oscuranti\"}]},{\"@type\":\"WebSite\",\"@id\":\"https:\/\/keliwindows.com\/#website\",\"url\":\"https:\/\/keliwindows.com\/\",\"name\":\"Keli Windows\",\"description\":\"\",\"publisher\":{\"@id\":\"https:\/\/keliwindows.com\/#organization\"},\"potentialAction\":[{\"@type\":\"SearchAction\",\"target\":{\"@type\":\"EntryPoint\",\"urlTemplate\":\"https:\/\/keliwindows.com\/?s={search_term_string}\"},\"query-input\":{\"@type\":\"PropertyValueSpecification\",\"valueRequired\":true,\"valueName\":\"search_term_string\"}}],\"inLanguage\":\"it-IT\"},{\"@type\":\"Organization\",\"@id\":\"https:\/\/keliwindows.com\/#organization\",\"name\":\"Keli Windows\",\"url\":\"https:\/\/keliwindows.com\/\",\"logo\":{\"@type\":\"ImageObject\",\"inLanguage\":\"it-IT\",\"@id\":\"https:\/\/keliwindows.com\/#\/schema\/logo\/image\/\",\"url\":\"https:\/\/keliwindows.com\/wp-content\/uploads\/2024\/09\/SVG-1.svg\",\"contentUrl\":\"https:\/\/keliwindows.com\/wp-content\/uploads\/2024\/09\/SVG-1.svg\",\"width\":361,\"height\":122,\"caption\":\"Keli Windows\"},\"image\":{\"@id\":\"https:\/\/keliwindows.com\/#\/schema\/logo\/image\/\"}}]}<\/script>\n<!-- \/ Yoast SEO plugin. -->","yoast_head_json":{"title":"Sistemi Oscuranti - Keli Windows","robots":{"index":"index","follow":"follow","max-snippet":"max-snippet:-1","max-image-preview":"max-image-preview:large","max-video-preview":"max-video-preview:-1"},"canonical":"https:\/\/keliwindows.com\/it\/sistemi-oscuranti\/","og_locale":"it_IT","og_type":"article","og_title":"Sistemi Oscuranti - Keli Windows","og_description":"Tapparelle Monoblocco Scopri di pi\u00f9 Cassonetto di Restauro in PVC Scopri di pi\u00f9 Persiana Scopri di pi\u00f9","og_url":"https:\/\/keliwindows.com\/it\/sistemi-oscuranti\/","og_site_name":"Keli Windows","article_modified_time":"2024-09-30T08:41:03+00:00","og_image":[{"width":500,"height":601,"url":"https:\/\/keliwindows.com\/wp-content\/uploads\/2024\/09\/01.png","type":"image\/png"}],"twitter_card":"summary_large_image","schema":{"@context":"https:\/\/schema.org","@graph":[{"@type":"WebPage","@id":"https:\/\/keliwindows.com\/it\/sistemi-oscuranti\/","url":"https:\/\/keliwindows.com\/it\/sistemi-oscuranti\/","name":"Sistemi Oscuranti - Keli Windows","isPartOf":{"@id":"https:\/\/keliwindows.com\/#website"},"primaryImageOfPage":{"@id":"https:\/\/keliwindows.com\/it\/sistemi-oscuranti\/#primaryimage"},"image":{"@id":"https:\/\/keliwindows.com\/it\/sistemi-oscuranti\/#primaryimage"},"thumbnailUrl":"https:\/\/keliwindows.com\/wp-content\/uploads\/2024\/09\/01.png","datePublished":"2024-09-27T10:47:13+00:00","dateModified":"2024-09-30T08:41:03+00:00","breadcrumb":{"@id":"https:\/\/keliwindows.com\/it\/sistemi-oscuranti\/#breadcrumb"},"inLanguage":"it-IT","potentialAction":[{"@type":"ReadAction","target":["https:\/\/keliwindows.com\/it\/sistemi-oscuranti\/"]}]},{"@type":"ImageObject","inLanguage":"it-IT","@id":"https:\/\/keliwindows.com\/it\/sistemi-oscuranti\/#primaryimage","url":"https:\/\/keliwindows.com\/wp-content\/uploads\/2024\/09\/01.png","contentUrl":"https:\/\/keliwindows.com\/wp-content\/uploads\/2024\/09\/01.png"},{"@type":"BreadcrumbList","@id":"https:\/\/keliwindows.com\/it\/sistemi-oscuranti\/#breadcrumb","itemListElement":[{"@type":"ListItem","position":1,"name":"Home","item":"https:\/\/keliwindows.com\/it\/"},{"@type":"ListItem","position":2,"name":"Sistemi Oscuranti"}]},{"@type":"WebSite","@id":"https:\/\/keliwindows.com\/#website","url":"https:\/\/keliwindows.com\/","name":"Keli Windows","description":"","publisher":{"@id":"https:\/\/keliwindows.com\/#organization"},"potentialAction":[{"@type":"SearchAction","target":{"@type":"EntryPoint","urlTemplate":"https:\/\/keliwindows.com\/?s={search_term_string}"},"query-input":{"@type":"PropertyValueSpecification","valueRequired":true,"valueName":"search_term_string"}}],"inLanguage":"it-IT"},{"@type":"Organization","@id":"https:\/\/keliwindows.com\/#organization","name":"Keli Windows","url":"https:\/\/keliwindows.com\/","logo":{"@type":"ImageObject","inLanguage":"it-IT","@id":"https:\/\/keliwindows.com\/#\/schema\/logo\/image\/","url":"https:\/\/keliwindows.com\/wp-content\/uploads\/2024\/09\/SVG-1.svg","contentUrl":"https:\/\/keliwindows.com\/wp-content\/uploads\/2024\/09\/SVG-1.svg","width":361,"height":122,"caption":"Keli Windows"},"image":{"@id":"https:\/\/keliwindows.com\/#\/schema\/logo\/image\/"}}]}},"_links":{"self":[{"href":"https:\/\/keliwindows.com\/it\/wp-json\/wp\/v2\/pages\/990097","targetHints":{"allow":["GET"]}}],"collection":[{"href":"https:\/\/keliwindows.com\/it\/wp-json\/wp\/v2\/pages"}],"about":[{"href":"https:\/\/keliwindows.com\/it\/wp-json\/wp\/v2\/types\/page"}],"author":[{"embeddable":true,"href":"https:\/\/keliwindows.com\/it\/wp-json\/wp\/v2\/users\/1"}],"replies":[{"embeddable":true,"href":"https:\/\/keliwindows.com\/it\/wp-json\/wp\/v2\/comments?post=990097"}],"version-history":[{"count":11,"href":"https:\/\/keliwindows.com\/it\/wp-json\/wp\/v2\/pages\/990097\/revisions"}],"predecessor-version":[{"id":990236,"href":"https:\/\/keliwindows.com\/it\/wp-json\/wp\/v2\/pages\/990097\/revisions\/990236"}],"wp:attachment":[{"href":"https:\/\/keliwindows.com\/it\/wp-json\/wp\/v2\/media?parent=990097"}],"curies":[{"name":"wp","href":"https:\/\/api.w.org\/{rel}","templated":true}]}}